{"id":1719,"date":"2017-03-15T22:17:49","date_gmt":"2017-03-15T22:17:49","guid":{"rendered":"http:\/\/teenlifting.com.hr\/?page_id=1719\/"},"modified":"2017-03-29T09:46:05","modified_gmt":"2017-03-29T09:46:05","slug":"zuhause","status":"publish","type":"page","link":"https:\/\/www.teenlifting.com.hr\/de\/","title":{"rendered":"Zuhause"},"content":{"rendered":"<div class=\"section-full-width section-light-bg\" style=\"background-color:#f7f7f7;\" id=\"teenliftingbehandlungen\"><div class=\"section-boxed\" style=\"color:#373737;\"><h2 class=\"section-title\" style=\"color:#252525;\">TEENLIFTING behandlungen<\/h2><\/p>\n<h2 style=\"text-align: left;\"><strong>Revolution\u00e4re Anti-Age-Behandlung<\/strong> mit der die Festigkeit <a href=\"http:\/\/www.teenlifting.com.hr\/de\/teenlifting-des-gesichts\/\" target=\"_blank\"> und Form des Gesichts<\/a> wie auch <a href=\"http:\/\/www.teenlifting.com.hr\/de\/teenlifting-des-koerpers\/\" target=\"_blank\"> des K\u00f6rpers<\/a> wieder hergestellt wird und die Gesundheit erhalten bleibt.<\/h2>\n<p>TEENLIFTING\u00ae umfasst: Training, Verj\u00fcngung, Festigung, Stimulierung der Akupunkturpunkte, Drainage, verst\u00e4rkte Durchblutung des stimulieren Gewebes, St\u00e4rkung der Knochenmasse, Anwendung der physikalischen Medizin in der Kosmetik mit gleichzeitig ausgezeichneten. Ergebnissen und wieder Herstellung und Vorbeugung aller Gelenke und Muskeln.<\/p>\n<p>&nbsp;<\/p>\n<div class=\"services-wrapper services-boxed-photo cols-wrapper cols-4\"><div class=\"services-box col\"><a href=\"http:\/\/www.teenlifting.com.hr\/de\/teenlifting-des-gesichts\/\"><div class=\"img-container\"><img decoding=\"async\" src=\"https:\/\/www.teenlifting.com.hr\/content\/uploads\/2016\/09\/teenlifting_lica_box-1-268x179.jpg\" alt=\"TEENLIFTING des Gesichts\"\/><\/div><\/a><div class=\"services-content\"><div class=\"sc-wraper\"><h3><a href=\"http:\/\/www.teenlifting.com.hr\/de\/teenlifting-des-gesichts\/\">TEENLIFTING des Gesichts<\/a><\/h3><p>TEENLIFTING des Gesichts ist eine Elektrostimulation aller Gesichts- und Halsmuskeln, um: die Stirn zu straffen, die Augenbrauen und Augenlider anzuheben, die Wangen zu heben, Augenringe zur\u00fcckzubilden, die Lippen und das Kinn zu heben, das Doppelkinn zur\u00fcckzubilden, und den Hals zu straffen und das gesamte Gesicht zu schm\u00e4lern.\r\n<\/br><\/br>\r\n<a class=\"button\" href=\"http:\/\/www.teenlifting.com.hr\/de\/teenlifting-des-gesichts\/\">ERFAHRE MEHR!<\/a><\/p><\/div><\/div><\/div><div class=\"services-box col\"><a href=\"http:\/\/www.teenlifting.com.hr\/de\/teenlifting-des-korpers\/\"><div class=\"img-container\"><img decoding=\"async\" src=\"https:\/\/www.teenlifting.com.hr\/content\/uploads\/2016\/09\/teenlifting_tijela_box-268x179.jpg\" alt=\"TEENLIFTING des K\u00f6rpers\"\/><\/div><\/a><div class=\"services-content\"><div class=\"sc-wraper\"><h3><a href=\"http:\/\/www.teenlifting.com.hr\/de\/teenlifting-des-korpers\/\">TEENLIFTING des K\u00f6rpers<\/a><\/h3><p>TEENLIFTING des K\u00f6rpers ist die Elektrostimulation aller diesbezogener Muskeln: formen, Celullitebek\u00e4mpfung, Gewichtsverlust, Schmerzbek\u00e4mpfung, Drenaige, Detoxikation des K\u00f6rpers, Durchblutungsbeschleunigung, Sauerstoffversorgung des Gewebes.\r\n<\/br><\/br>\r\n<a class=\"button\" href=\"http:\/\/www.teenlifting.com.hr\/de\/teenlifting-des-korpers\/\">ERFAHRE MEHR!<\/a><\/p><\/div><\/div><\/div><div class=\"services-box col\"><a href=\"http:\/\/www.teenlifting.com.hr\/de\/teenlifting-des-beckens\/\"><div class=\"img-container\"><img decoding=\"async\" src=\"https:\/\/www.teenlifting.com.hr\/content\/uploads\/2016\/09\/teenlifting_zdjelice_box-1-268x179.jpg\" alt=\"TEENLIFTING des Beckens\"\/><\/div><\/a><div class=\"services-content\"><div class=\"sc-wraper\"><h3><a href=\"http:\/\/www.teenlifting.com.hr\/de\/teenlifting-des-beckens\/\">TEENLIFTING des Beckens<\/a><\/h3><p>TEENLIFTING des Beckens ist eine Elektrostimulation aller Beckenmuskeln und innerer Organe mit folgenden Zielen: \r\nInkontinenzbek\u00e4mpfung, Impotenzbek\u00e4mpfung, Befreiuung von H\u00fcft- und R\u00fcckenschmerzen, Anheben des Uterus, Bauchdrainage und \u2013 formen, Drainage und Formen der H\u00fcften und des Hinterns.\r\n<\/br><\/br>\r\n<a class=\"button\" href=\"http:\/\/www.teenlifting.com.hr\/de\/teenlifting-des-beckens\/\">ERFAHRE MEHR!<\/a><\/p><\/div><\/div><\/div><div class=\"services-box col nomargin\"><a href=\"http:\/\/www.teenlifting.com.hr\/de\/teenlifting-des-platysmas\/\"><div class=\"img-container\"><img decoding=\"async\" src=\"https:\/\/www.teenlifting.com.hr\/content\/uploads\/2016\/09\/teenlifting_platizme_box-268x179.jpg\" alt=\"TEENLIFTING des Platysmas\"\/><\/div><\/a><div class=\"services-content\"><div class=\"sc-wraper\"><h3><a href=\"http:\/\/www.teenlifting.com.hr\/de\/teenlifting-des-platysmas\/\">TEENLIFTING des Platysmas<\/a><\/h3><p>TEENLIFTING Platysma ist die Elektrostimulation aller Hals-, Kinn-, Mund- und Wangenmuskeln mit folgenden Zielen: \r\nHalsstraffung, Doppelkinnbehebung, Kinnanhebung und Mundstraffung, Gesicht und Hals schm\u00e4lern, Muskel- und Hauttonusanhebung.\r\n<\/br><\/br>\r\n<a class=\"button\" href=\"https:\/\/teenlifting.com.hr\/de\/teenlifting-des-platysmas\/\">ERFAHRE MEHR!<\/a><\/p><\/div><\/div><\/div><div class=\"clear\"><\/div><\/div>\n<p>\n<\/div><\/div>\n<div class=\"section-full-width section-light2 parallax-scroll\" style=\"background-color:#ffffff; min-height:450px;\" id=\"werdensieeinteilderteenliftinggeschichte\"><div style=\"background-image:url(https:\/\/www.teenlifting.com.hr\/content\/uploads\/2016\/03\/teenlifting-centar-2.jpg); opacity:0.5; filter: alpha(opacity=50);\" class=\"full-bg-image\" ><\/div><div class=\"section-boxed\" style=\"color:#777777;\"><h2 class=\"section-title\" style=\"color:#252525;\">Werden Sie ein Teil der TEENLIFTING Geschichte!<\/h2><h4 style=\"color:#252525;\" class=\"sub-title\">TEENLIFTING FRANCHISE<\/h4><\/p>\n<p style=\"text-align: center;\"><a class=\"button\" href=\"http:\/\/www.teenlifting.com.hr\/de\/franchise\/\">ERFAHRE MEHR!<\/a><\/p>\n<p>\n<\/div><\/div>\n<div class=\"testimonial-slider\" data-autoplay=\"true\"><div class=\"testimonial-container\"><div class=\"testimonial-wrapper\"><div class=\"testimonial-info\"><img decoding=\"async\" class=\"img-frame testimonial-img\" src=\"https:\/\/teenlifting.com.hr\/content\/uploads\/2016\/12\/nina_violic.jpg\" alt=\"NINA VIOLI\u0106\" \/><div class=\"testimonials-details\"><h2>NINA VIOLI\u0106<\/h2><span>SCHAUSPIELERIN<\/span><\/div><\/div><blockquote><p>Ich schliesse mich an den Strom an und denke: Aktivieren statt plastifizieren! Sanja ist eine unglaubliche kroatische Erfindung, die uns alle vor dem Messer bewahren wird!<\/p><\/blockquote><\/div><\/div><div class=\"testimonial-container\"><div class=\"testimonial-wrapper\"><div class=\"testimonial-info\"><img decoding=\"async\" class=\"img-frame testimonial-img\" src=\"https:\/\/teenlifting.com.hr\/content\/uploads\/2016\/12\/tarik_filipovic.jpg\" alt=\"TARIK FILIPOVI\u0106\" \/><div class=\"testimonials-details\"><h2>TARIK FILIPOVI\u0106<\/h2><span>SCHAUSPIELER \/ MODERATOR<\/span><\/div><\/div><blockquote><p>Ich bin \u00fcberw\u00e4ltigt von der Methodwe durch Elektrostimulation, weil es sich hierbei um Fittness f\u00fcr\u00b4s Gesicht handelt. Sogar wir Schauspieler, die eine ausgepr\u00e4gte Gesichtsmimik brauchen, haben Probleme mit Falten<\/p><\/blockquote><\/div><\/div><div class=\"testimonial-container\"><div class=\"testimonial-wrapper\"><div class=\"testimonial-info\"><img decoding=\"async\" class=\"img-frame testimonial-img\" src=\"https:\/\/teenlifting.com.hr\/content\/uploads\/2016\/12\/josipa_lisac.jpg\" alt=\"JOSIPA LISAC\" \/><div class=\"testimonials-details\"><h2>JOSIPA LISAC<\/h2><span>S\u00c4NGERIN<\/span><\/div><\/div><blockquote><p>Ich sehe besser aus, als vor 10 Jahren. Wenn ich \u00e4ltere Bilder sehe, bemerke ich wohl einen Unterschied. Der liegt aber nicht an meinem Alter<\/p><\/blockquote><\/div><\/div><div class=\"testimonial-container\"><div class=\"testimonial-wrapper\"><div class=\"testimonial-info\"><img decoding=\"async\" class=\"img-frame testimonial-img\" src=\"https:\/\/teenlifting.com.hr\/content\/uploads\/2016\/12\/almira_osmanivic.jpg\" alt=\"ALMIRA OSMANOVI\u0106\" \/><div class=\"testimonials-details\"><h2>ALMIRA OSMANOVI\u0106<\/h2><span>BALLETT NATIONALMEISTERIN<\/span><\/div><\/div><blockquote><p>Die TEENLIFTING Methode von dr. Sanje Go\u0161ovi\u0107 ist die nat\u00fcrliche Art gegen das Alter zu gewinnen. Die Sch\u00f6nheit kommt vom Charakter!<\/p><\/blockquote><\/div><\/div><div class=\"testimonial-container\"><div class=\"testimonial-wrapper\"><div class=\"testimonial-info\"><img decoding=\"async\" class=\"img-frame testimonial-img\" src=\"https:\/\/teenlifting.com.hr\/content\/uploads\/2016\/12\/zarko_savic.jpg\" alt=\"\u017dARKO SAVI\u0106\" \/><div class=\"testimonials-details\"><h2>\u017dARKO SAVI\u0106<\/h2><span>SCHAUSPIELER<\/span><\/div><\/div><blockquote><p>Die gute Muskelform erm\u00f6glicht es mir, dass ich meine Rollen bestm\u00f6glich verk\u00f6rpern kann.<\/p><\/blockquote><\/div><\/div><\/div>\n<p>&nbsp;<\/p>\n","protected":false},"excerpt":{"rendered":"<p>&nbsp;<\/p>\n","protected":false},"author":3,"featured_media":0,"parent":0,"menu_order":1,"comment_status":"closed","ping_status":"closed","template":"template-full-custom.php","meta":{"om_disable_all_campaigns":false,"_monsterinsights_skip_tracking":false,"_monsterinsights_sitenote_active":false,"_monsterinsights_sitenote_note":"","_monsterinsights_sitenote_category":0,"_uf_show_specific_survey":0,"_uf_disable_surveys":false,"footnotes":""},"class_list":["post-1719","page","type-page","status-publish","hentry"],"aioseo_notices":[],"yoast_head":"<!-- This site is optimized with the Yoast SEO plugin v24.7 - https:\/\/yoast.com\/wordpress\/plugins\/seo\/ -->\n<title>Zuhause - Teenlifting<\/title>\n<meta name=\"robots\" content=\"index, follow, max-snippet:-1, max-image-preview:large, max-video-preview:-1\" \/>\n<link rel=\"canonical\" href=\"https:\/\/teenlifting.si\/de\/\" \/>\n<meta property=\"og:locale\" content=\"de_DE\" \/>\n<meta property=\"og:type\" content=\"article\" \/>\n<meta property=\"og:title\" content=\"Zuhause - Teenlifting\" \/>\n<meta property=\"og:description\" content=\"&nbsp;\" \/>\n<meta property=\"og:url\" content=\"https:\/\/teenlifting.si\/de\/\" \/>\n<meta property=\"og:site_name\" content=\"Teenlifting\" \/>\n<meta property=\"article:modified_time\" content=\"2017-03-29T09:46:05+00:00\" \/>\n<meta name=\"twitter:card\" content=\"summary_large_image\" \/>\n<meta name=\"twitter:label1\" content=\"Gesch\u00e4tzte Lesezeit\" \/>\n\t<meta name=\"twitter:data1\" content=\"1\u00a0Minute\" \/>\n<script type=\"application\/ld+json\" class=\"yoast-schema-graph\">{\"@context\":\"https:\/\/schema.org\",\"@graph\":[{\"@type\":\"WebPage\",\"@id\":\"https:\/\/teenlifting.si\/de\/\",\"url\":\"https:\/\/teenlifting.si\/de\/\",\"name\":\"Zuhause - Teenlifting\",\"isPartOf\":{\"@id\":\"https:\/\/bell-stim.com\/#website\"},\"datePublished\":\"2017-03-15T22:17:49+00:00\",\"dateModified\":\"2017-03-29T09:46:05+00:00\",\"breadcrumb\":{\"@id\":\"https:\/\/teenlifting.si\/de\/#breadcrumb\"},\"inLanguage\":\"de\",\"potentialAction\":[{\"@type\":\"ReadAction\",\"target\":[\"https:\/\/teenlifting.si\/de\/\"]}]},{\"@type\":\"BreadcrumbList\",\"@id\":\"https:\/\/teenlifting.si\/de\/#breadcrumb\",\"itemListElement\":[{\"@type\":\"ListItem\",\"position\":1,\"name\":\"Po\u010detna stranica\",\"item\":\"https:\/\/teenlifting.si\/de\/\"},{\"@type\":\"ListItem\",\"position\":2,\"name\":\"Zuhause\"}]},{\"@type\":\"WebSite\",\"@id\":\"https:\/\/bell-stim.com\/#website\",\"url\":\"https:\/\/bell-stim.com\/\",\"name\":\"Teenlifting\",\"description\":\"Aktiviraj, ne plastificiraj!\",\"potentialAction\":[{\"@type\":\"SearchAction\",\"target\":{\"@type\":\"EntryPoint\",\"urlTemplate\":\"https:\/\/bell-stim.com\/?s={search_term_string}\"},\"query-input\":{\"@type\":\"PropertyValueSpecification\",\"valueRequired\":true,\"valueName\":\"search_term_string\"}}],\"inLanguage\":\"de\"}]}<\/script>\n<!-- \/ Yoast SEO plugin. -->","yoast_head_json":{"title":"Zuhause - Teenlifting","robots":{"index":"index","follow":"follow","max-snippet":"max-snippet:-1","max-image-preview":"max-image-preview:large","max-video-preview":"max-video-preview:-1"},"canonical":"https:\/\/teenlifting.si\/de\/","og_locale":"de_DE","og_type":"article","og_title":"Zuhause - Teenlifting","og_description":"&nbsp;","og_url":"https:\/\/teenlifting.si\/de\/","og_site_name":"Teenlifting","article_modified_time":"2017-03-29T09:46:05+00:00","twitter_card":"summary_large_image","twitter_misc":{"Gesch\u00e4tzte Lesezeit":"1\u00a0Minute"},"schema":{"@context":"https:\/\/schema.org","@graph":[{"@type":"WebPage","@id":"https:\/\/teenlifting.si\/de\/","url":"https:\/\/teenlifting.si\/de\/","name":"Zuhause - Teenlifting","isPartOf":{"@id":"https:\/\/bell-stim.com\/#website"},"datePublished":"2017-03-15T22:17:49+00:00","dateModified":"2017-03-29T09:46:05+00:00","breadcrumb":{"@id":"https:\/\/teenlifting.si\/de\/#breadcrumb"},"inLanguage":"de","potentialAction":[{"@type":"ReadAction","target":["https:\/\/teenlifting.si\/de\/"]}]},{"@type":"BreadcrumbList","@id":"https:\/\/teenlifting.si\/de\/#breadcrumb","itemListElement":[{"@type":"ListItem","position":1,"name":"Po\u010detna stranica","item":"https:\/\/teenlifting.si\/de\/"},{"@type":"ListItem","position":2,"name":"Zuhause"}]},{"@type":"WebSite","@id":"https:\/\/bell-stim.com\/#website","url":"https:\/\/bell-stim.com\/","name":"Teenlifting","description":"Aktiviraj, ne plastificiraj!","potentialAction":[{"@type":"SearchAction","target":{"@type":"EntryPoint","urlTemplate":"https:\/\/bell-stim.com\/?s={search_term_string}"},"query-input":{"@type":"PropertyValueSpecification","valueRequired":true,"valueName":"search_term_string"}}],"inLanguage":"de"}]}},"_links":{"self":[{"href":"https:\/\/www.teenlifting.com.hr\/de\/wp-json\/wp\/v2\/pages\/1719","targetHints":{"allow":["GET"]}}],"collection":[{"href":"https:\/\/www.teenlifting.com.hr\/de\/wp-json\/wp\/v2\/pages"}],"about":[{"href":"https:\/\/www.teenlifting.com.hr\/de\/wp-json\/wp\/v2\/types\/page"}],"author":[{"embeddable":true,"href":"https:\/\/www.teenlifting.com.hr\/de\/wp-json\/wp\/v2\/users\/3"}],"replies":[{"embeddable":true,"href":"https:\/\/www.teenlifting.com.hr\/de\/wp-json\/wp\/v2\/comments?post=1719"}],"version-history":[{"count":9,"href":"https:\/\/www.teenlifting.com.hr\/de\/wp-json\/wp\/v2\/pages\/1719\/revisions"}],"predecessor-version":[{"id":1845,"href":"https:\/\/www.teenlifting.com.hr\/de\/wp-json\/wp\/v2\/pages\/1719\/revisions\/1845"}],"wp:attachment":[{"href":"https:\/\/www.teenlifting.com.hr\/de\/wp-json\/wp\/v2\/media?parent=1719"}],"curies":[{"name":"wp","href":"https:\/\/api.w.org\/{rel}","templated":true}]}}